{"id":9831,"date":"2025-04-04T05:04:44","date_gmt":"2025-04-04T02:04:44","guid":{"rendered":"https:\/\/agilis-jettenders.com\/?page_id=9831"},"modified":"2026-01-08T17:23:36","modified_gmt":"2026-01-08T14:23:36","slug":"kt-dealers-es","status":"publish","type":"page","link":"https:\/\/agilis-jettenders.com\/es\/dealers","title":{"rendered":"Dealers"},"content":{"rendered":"\t\t<div data-elementor-type=\"wp-page\" data-elementor-id=\"9831\" class=\"elementor elementor-9831\" data-elementor-post-type=\"page\">\n\t\t\t\t<div class=\"elementor-element elementor-element-10cc5276 e-con-full e-flex e-con e-parent\" data-id=\"10cc5276\" data-element_type=\"container\" data-e-type=\"container\" data-settings=\"{&quot;background_background&quot;:&quot;classic&quot;,&quot;background_motion_fx_motion_fx_scrolling&quot;:&quot;yes&quot;,&quot;background_motion_fx_translateY_effect&quot;:&quot;yes&quot;,&quot;background_motion_fx_translateY_speed&quot;:{&quot;unit&quot;:&quot;px&quot;,&quot;size&quot;:4,&quot;sizes&quot;:[]},&quot;background_motion_fx_translateY_affectedRange&quot;:{&quot;unit&quot;:&quot;%&quot;,&quot;size&quot;:&quot;&quot;,&quot;sizes&quot;:{&quot;start&quot;:0,&quot;end&quot;:100}},&quot;background_motion_fx_devices&quot;:[&quot;desktop&quot;,&quot;tablet&quot;,&quot;mobile&quot;]}\">\n\t\t<div class=\"elementor-element elementor-element-4790633e e-con-full e-flex e-con e-child\" data-id=\"4790633e\" data-element_type=\"container\" data-e-type=\"container\">\n\t\t\t\t<div class=\"elementor-element elementor-element-410f5a12 elementor-widget-divider--view-line elementor-widget elementor-widget-divider\" data-id=\"410f5a12\" data-element_type=\"widget\" data-e-type=\"widget\" data-widget_type=\"divider.default\">\n\t\t\t\t<div class=\"elementor-widget-container\">\n\t\t\t\t\t\t\t<div class=\"elementor-divider\">\n\t\t\t<span class=\"elementor-divider-separator\">\n\t\t\t\t\t\t<\/span>\n\t\t<\/div>\n\t\t\t\t\t\t<\/div>\n\t\t\t\t<\/div>\n\t\t<div class=\"elementor-element elementor-element-62464f99 e-grid e-con-full e-con e-child\" data-id=\"62464f99\" data-element_type=\"container\" data-e-type=\"container\">\n\t\t\t\t<div class=\"elementor-element elementor-element-3f50a55 elementor-widget elementor-widget-image\" data-id=\"3f50a55\" data-element_type=\"widget\" data-e-type=\"widget\" data-widget_type=\"image.default\">\n\t\t\t\t<div class=\"elementor-widget-container\">\n\t\t\t\t\t\t\t\t\t\t\t\t\t\t\t<img fetchpriority=\"high\" decoding=\"async\" width=\"600\" height=\"200\" src=\"https:\/\/agilis-jettenders.com\/wp-content\/uploads\/2025\/03\/logo_agillis_white_full.png\" class=\"attachment-large size-large wp-image-8250\" alt=\"\" srcset=\"https:\/\/agilis-jettenders.com\/wp-content\/uploads\/2025\/03\/logo_agillis_white_full.png 600w, https:\/\/agilis-jettenders.com\/wp-content\/uploads\/2025\/03\/logo_agillis_white_full-300x100.png 300w, https:\/\/agilis-jettenders.com\/wp-content\/uploads\/2025\/03\/logo_agillis_white_full-429x143.png 429w\" sizes=\"(max-width: 600px) 100vw, 600px\" \/>\t\t\t\t\t\t\t\t\t\t\t\t\t\t\t<\/div>\n\t\t\t\t<\/div>\n\t\t\t\t<div class=\"elementor-element elementor-element-67547c8b elementor-widget-mobile__width-inherit elementor-widget elementor-widget-heading\" data-id=\"67547c8b\" data-element_type=\"widget\" data-e-type=\"widget\" data-widget_type=\"heading.default\">\n\t\t\t\t<div class=\"elementor-widget-container\">\n\t\t\t\t\t<h2 class=\"elementor-heading-title elementor-size-default\">VENTAS Y SOPORTE EN TODO EL MUNDO<\/h2>\t\t\t\t<\/div>\n\t\t\t\t<\/div>\n\t\t<div class=\"elementor-element elementor-element-43752995 e-flex e-con-boxed e-con e-child\" data-id=\"43752995\" data-element_type=\"container\" data-e-type=\"container\">\n\t\t\t\t\t<div class=\"e-con-inner\">\n\t\t\t\t<div class=\"elementor-element elementor-element-62109145 elementor-widget elementor-widget-text-editor\" data-id=\"62109145\" data-element_type=\"widget\" data-e-type=\"widget\" data-widget_type=\"text-editor.default\">\n\t\t\t\t<div class=\"elementor-widget-container\">\n\t\t\t\t\t\t\t\t\t<p>Despu\u00e9s de hacer clic en cualquiera de los enlaces a continuaci\u00f3n, ser\u00e1 dirigido a la p\u00e1gina de nuestros distribuidores autorizados.<\/p><p>\u00a0<\/p>\t\t\t\t\t\t\t\t<\/div>\n\t\t\t\t<\/div>\n\t\t\t\t<div class=\"elementor-element elementor-element-28a20189 elementor-widget-divider--view-line elementor-widget elementor-widget-divider\" data-id=\"28a20189\" data-element_type=\"widget\" data-e-type=\"widget\" data-widget_type=\"divider.default\">\n\t\t\t\t<div class=\"elementor-widget-container\">\n\t\t\t\t\t\t\t<div class=\"elementor-divider\">\n\t\t\t<span class=\"elementor-divider-separator\">\n\t\t\t\t\t\t<\/span>\n\t\t<\/div>\n\t\t\t\t\t\t<\/div>\n\t\t\t\t<\/div>\n\t\t\t\t<div class=\"elementor-element elementor-element-39cb9c1c elementor-align-center elementor-widget__width-initial elementor-invisible elementor-widget elementor-widget-button\" data-id=\"39cb9c1c\" data-element_type=\"widget\" data-e-type=\"widget\" data-settings=\"{&quot;_animation&quot;:&quot;fadeIn&quot;}\" data-widget_type=\"button.default\">\n\t\t\t\t<div class=\"elementor-widget-container\">\n\t\t\t\t\t\t\t\t\t<div class=\"elementor-button-wrapper\">\n\t\t\t\t\t<a class=\"elementor-button elementor-button-link elementor-size-sm\" href=\"\/es\/configurator\">\n\t\t\t\t\t\t<span class=\"elementor-button-content-wrapper\">\n\t\t\t\t\t\t\t\t\t<span class=\"elementor-button-text\">CONFIGURAR Y PRECIO<\/span>\n\t\t\t\t\t<\/span>\n\t\t\t\t\t<\/a>\n\t\t\t\t<\/div>\n\t\t\t\t\t\t\t\t<\/div>\n\t\t\t\t<\/div>\n\t\t\t\t<div class=\"elementor-element elementor-element-2d640e4 elementor-hidden-desktop elementor-widget-divider--view-line elementor-widget elementor-widget-divider\" data-id=\"2d640e4\" data-element_type=\"widget\" data-e-type=\"widget\" data-settings=\"{&quot;motion_fx_motion_fx_scrolling&quot;:&quot;yes&quot;,&quot;motion_fx_translateY_effect&quot;:&quot;yes&quot;,&quot;motion_fx_translateY_direction&quot;:&quot;negative&quot;,&quot;motion_fx_translateY_speed&quot;:{&quot;unit&quot;:&quot;px&quot;,&quot;size&quot;:4,&quot;sizes&quot;:[]},&quot;motion_fx_translateY_affectedRange&quot;:{&quot;unit&quot;:&quot;%&quot;,&quot;size&quot;:&quot;&quot;,&quot;sizes&quot;:{&quot;start&quot;:0,&quot;end&quot;:100}},&quot;motion_fx_devices&quot;:[&quot;desktop&quot;,&quot;tablet&quot;,&quot;mobile&quot;]}\" data-widget_type=\"divider.default\">\n\t\t\t\t<div class=\"elementor-widget-container\">\n\t\t\t\t\t\t\t<div class=\"elementor-divider\">\n\t\t\t<span class=\"elementor-divider-separator\">\n\t\t\t\t\t\t<\/span>\n\t\t<\/div>\n\t\t\t\t\t\t<\/div>\n\t\t\t\t<\/div>\n\t\t\t\t<div class=\"elementor-element elementor-element-1dc03f9a elementor-widget-divider--view-line elementor-widget elementor-widget-divider\" data-id=\"1dc03f9a\" data-element_type=\"widget\" data-e-type=\"widget\" data-widget_type=\"divider.default\">\n\t\t\t\t<div class=\"elementor-widget-container\">\n\t\t\t\t\t\t\t<div class=\"elementor-divider\">\n\t\t\t<span class=\"elementor-divider-separator\">\n\t\t\t\t\t\t<\/span>\n\t\t<\/div>\n\t\t\t\t\t\t<\/div>\n\t\t\t\t<\/div>\n\t\t\t\t\t<\/div>\n\t\t\t\t<\/div>\n\t\t\t\t<\/div>\n\t\t\t\t<\/div>\n\t\t\t\t<\/div>\n\t\t<div class=\"elementor-element elementor-element-ac2f888 e-flex e-con-boxed e-con e-parent\" data-id=\"ac2f888\" data-element_type=\"container\" data-e-type=\"container\">\n\t\t\t\t\t<div class=\"e-con-inner\">\n\t\t\t\t<div class=\"elementor-element elementor-element-d71736f elementor-widget elementor-widget-spacer\" data-id=\"d71736f\" data-element_type=\"widget\" data-e-type=\"widget\" data-widget_type=\"spacer.default\">\n\t\t\t\t<div class=\"elementor-widget-container\">\n\t\t\t\t\t\t\t<div class=\"elementor-spacer\">\n\t\t\t<div class=\"elementor-spacer-inner\"><\/div>\n\t\t<\/div>\n\t\t\t\t\t\t<\/div>\n\t\t\t\t<\/div>\n\t\t\t\t<div class=\"elementor-element elementor-element-cc02a0a elementor-widget elementor-widget-shortcode\" data-id=\"cc02a0a\" data-element_type=\"widget\" data-e-type=\"widget\" data-widget_type=\"shortcode.default\">\n\t\t\t\t<div class=\"elementor-widget-container\">\n\t\t\t\t\t\t\t<div class=\"elementor-shortcode\"><style>\r\n\t#wpsl-stores .wpsl-store-thumb {height:45px !important; width:45px !important;}\r\n\t#wpsl-stores, #wpsl-direction-details, #wpsl-gmap {height:700px !important;}\r\n\t#wpsl-gmap .wpsl-info-window {max-width:250px !important;}\r\n\t.wpsl-input label, #wpsl-radius label, #wpsl-category label {width:150px;}\r\n\t#wpsl-search-input  {width:200px;}\r\n<\/style>\r\n<div id=\"wpsl-wrap\">\r\n\t<div class=\"wpsl-search wpsl-clearfix \">\r\n\t\t<div id=\"wpsl-search-wrap\">\r\n\t\t\t<form autocomplete=\"off\">\r\n\t\t\t<div class=\"wpsl-input\">\r\n\t\t\t\t<div><label for=\"wpsl-search-input\">Tu ubicaci\u00f3n<\/label><\/div>\r\n\t\t\t\t<input id=\"wpsl-search-input\" type=\"text\" value=\"\" name=\"wpsl-search-input\" placeholder=\"\" aria-required=\"true\" \/>\r\n\t\t\t<\/div>\r\n\t\t\t<div class=\"wpsl-select-wrap\">\r\n\t\t\t\t<div id=\"wpsl-radius\">\r\n\t\t\t\t\t<label for=\"wpsl-radius-dropdown\">Radio de b\u00fasqueda<\/label>\r\n\t\t\t\t\t<select id=\"wpsl-radius-dropdown\" class=\"wpsl-dropdown\" name=\"wpsl-radius\">\r\n\t\t\t\t\t\t<option value=\"10\">10 km<\/option><option value=\"25\">25 km<\/option><option selected=\"selected\" value=\"50\">50 km<\/option><option value=\"100\">100 km<\/option><option value=\"200\">200 km<\/option><option value=\"500\">500 km<\/option>\r\n\t\t\t\t\t<\/select>\r\n\t\t\t\t<\/div>\r\n\t\t\t\t<div id=\"wpsl-results\">\r\n\t\t\t\t\t<label for=\"wpsl-results-dropdown\">Resultados<\/label>\r\n\t\t\t\t\t<select id=\"wpsl-results-dropdown\" class=\"wpsl-dropdown\" name=\"wpsl-results\">\r\n\t\t\t\t\t\t<option selected=\"selected\" value=\"25\">25<\/option><option value=\"50\">50<\/option><option value=\"75\">75<\/option><option value=\"100\">100<\/option>\r\n\t\t\t\t\t<\/select>\r\n\t\t\t\t<\/div>\r\n\t\t\t<\/div>\r\n\t\t\t\t<div class=\"wpsl-search-btn-wrap\"><input id=\"wpsl-search-btn\" type=\"submit\" value=\"Buscar\"><\/div>\r\n\t\t<\/form>\r\n\t\t<\/div>\r\n\t<\/div>\r\n\t<div id=\"wpsl-gmap\" class=\"wpsl-gmap-canvas\"><\/div>\r\n\t<div id=\"wpsl-result-list\">\r\n\t\t<div id=\"wpsl-stores\" >\r\n\t\t\t<ul><\/ul>\r\n\t\t<\/div>\r\n\t\t<div id=\"wpsl-direction-details\">\r\n\t\t\t<ul><\/ul>\r\n\t\t<\/div>\r\n\t<\/div>\r\n<\/div>\r\n\n<\/div>\n\t\t\t\t\t\t<\/div>\n\t\t\t\t<\/div>\n\t\t\t\t\t<\/div>\n\t\t\t\t<\/div>\n\t\t\t\t<\/div>\n\t\t","protected":false},"excerpt":{"rendered":"<p>VENTAS Y SOPORTE EN TODO EL MUNDO Despu\u00e9s de hacer clic en cualquiera de los enlaces a continuaci\u00f3n, ser\u00e1 dirigido a la p\u00e1gina de nuestros distribuidores autorizados. \u00a0 CONFIGURAR Y PRECIO<\/p>\n","protected":false},"author":4,"featured_media":0,"parent":0,"menu_order":0,"comment_status":"closed","ping_status":"closed","template":"","meta":{"_acf_changed":false,"footnotes":""},"class_list":["post-9831","page","type-page","status-publish","hentry"],"acf":{"custom_slug":"dealers"},"yoast_head":"<!-- This site is optimized with the Yoast SEO plugin v26.9 - https:\/\/yoast.com\/product\/yoast-seo-wordpress\/ -->\n<title>Dealers - Agilis Jet Tenders<\/title>\n<meta name=\"description\" content=\"Dealers Get common with the best tender boats from Agilis range. Our jet boats models combined advanced technologies and high-level standards of luxury yacht design.\" \/>\n<meta name=\"robots\" content=\"index, follow, max-snippet:-1, max-image-preview:large, max-video-preview:-1\" \/>\n<link rel=\"canonical\" href=\"https:\/\/agilis-jettenders.com\/es\/dealers\" \/>\n<meta property=\"og:locale\" content=\"es_ES\" \/>\n<meta property=\"og:type\" content=\"article\" \/>\n<meta property=\"og:title\" content=\"Dealers - Agilis Jet Tenders\" \/>\n<meta property=\"og:description\" content=\"Dealers Get common with the best tender boats from Agilis range. Our jet boats models combined advanced technologies and high-level standards of luxury yacht design.\" \/>\n<meta property=\"og:url\" content=\"https:\/\/agilis-jettenders.com\/es\/dealers\" \/>\n<meta property=\"og:site_name\" content=\"Agilis Jet Tenders\" \/>\n<meta property=\"article:modified_time\" content=\"2026-01-08T14:23:36+00:00\" \/>\n<meta property=\"og:image\" content=\"https:\/\/agilis-jettenders.com\/wp-content\/uploads\/2025\/03\/logo_agillis_white_full.png\" \/>\n<meta name=\"twitter:card\" content=\"summary_large_image\" \/>\n<meta name=\"twitter:label1\" content=\"Tiempo de lectura\" \/>\n\t<meta name=\"twitter:data1\" content=\"1 minuto\" \/>\n<script type=\"application\/ld+json\" class=\"yoast-schema-graph\">{\"@context\":\"https:\/\/schema.org\",\"@graph\":[{\"@type\":\"WebPage\",\"@id\":\"https:\/\/agilis-jettenders.com\/es\/dealers\",\"url\":\"https:\/\/agilis-jettenders.com\/es\/dealers\",\"name\":\"Dealers - Agilis Jet Tenders\",\"isPartOf\":{\"@id\":\"https:\/\/agilis-jettenders.com\/es\/#website\"},\"primaryImageOfPage\":{\"@id\":\"https:\/\/agilis-jettenders.com\/es\/dealers#primaryimage\"},\"image\":{\"@id\":\"https:\/\/agilis-jettenders.com\/es\/dealers#primaryimage\"},\"thumbnailUrl\":\"https:\/\/agilis-jettenders.com\/wp-content\/uploads\/2025\/03\/logo_agillis_white_full.png\",\"datePublished\":\"2025-04-04T02:04:44+00:00\",\"dateModified\":\"2026-01-08T14:23:36+00:00\",\"description\":\"Dealers Get common with the best tender boats from Agilis range. Our jet boats models combined advanced technologies and high-level standards of luxury yacht design.\",\"inLanguage\":\"es\",\"potentialAction\":[{\"@type\":\"ReadAction\",\"target\":[\"https:\/\/agilis-jettenders.com\/es\/dealers\"]}]},{\"@type\":\"ImageObject\",\"inLanguage\":\"es\",\"@id\":\"https:\/\/agilis-jettenders.com\/es\/dealers#primaryimage\",\"url\":\"https:\/\/agilis-jettenders.com\/wp-content\/uploads\/2025\/03\/logo_agillis_white_full.png\",\"contentUrl\":\"https:\/\/agilis-jettenders.com\/wp-content\/uploads\/2025\/03\/logo_agillis_white_full.png\"},{\"@type\":\"WebSite\",\"@id\":\"https:\/\/agilis-jettenders.com\/es\/#website\",\"url\":\"https:\/\/agilis-jettenders.com\/es\/\",\"name\":\"Agilis Jet Tenders\",\"description\":\"Bespoke. Luxury. Jet Tenders.\",\"potentialAction\":[{\"@type\":\"SearchAction\",\"target\":{\"@type\":\"EntryPoint\",\"urlTemplate\":\"https:\/\/agilis-jettenders.com\/es\/?s={search_term_string}\"},\"query-input\":{\"@type\":\"PropertyValueSpecification\",\"valueRequired\":true,\"valueName\":\"search_term_string\"}}],\"inLanguage\":\"es\"}]}<\/script>\n<!-- \/ Yoast SEO plugin. -->","yoast_head_json":{"title":"Dealers - Agilis Jet Tenders","description":"Dealers Get common with the best tender boats from Agilis range. Our jet boats models combined advanced technologies and high-level standards of luxury yacht design.","robots":{"index":"index","follow":"follow","max-snippet":"max-snippet:-1","max-image-preview":"max-image-preview:large","max-video-preview":"max-video-preview:-1"},"canonical":"https:\/\/agilis-jettenders.com\/es\/dealers","og_locale":"es_ES","og_type":"article","og_title":"Dealers - Agilis Jet Tenders","og_description":"Dealers Get common with the best tender boats from Agilis range. Our jet boats models combined advanced technologies and high-level standards of luxury yacht design.","og_url":"https:\/\/agilis-jettenders.com\/es\/dealers","og_site_name":"Agilis Jet Tenders","article_modified_time":"2026-01-08T14:23:36+00:00","og_image":[{"url":"https:\/\/agilis-jettenders.com\/wp-content\/uploads\/2025\/03\/logo_agillis_white_full.png","type":"","width":"","height":""}],"twitter_card":"summary_large_image","twitter_misc":{"Tiempo de lectura":"1 minuto"},"schema":{"@context":"https:\/\/schema.org","@graph":[{"@type":"WebPage","@id":"https:\/\/agilis-jettenders.com\/es\/dealers","url":"https:\/\/agilis-jettenders.com\/es\/dealers","name":"Dealers - Agilis Jet Tenders","isPartOf":{"@id":"https:\/\/agilis-jettenders.com\/es\/#website"},"primaryImageOfPage":{"@id":"https:\/\/agilis-jettenders.com\/es\/dealers#primaryimage"},"image":{"@id":"https:\/\/agilis-jettenders.com\/es\/dealers#primaryimage"},"thumbnailUrl":"https:\/\/agilis-jettenders.com\/wp-content\/uploads\/2025\/03\/logo_agillis_white_full.png","datePublished":"2025-04-04T02:04:44+00:00","dateModified":"2026-01-08T14:23:36+00:00","description":"Dealers Get common with the best tender boats from Agilis range. Our jet boats models combined advanced technologies and high-level standards of luxury yacht design.","inLanguage":"es","potentialAction":[{"@type":"ReadAction","target":["https:\/\/agilis-jettenders.com\/es\/dealers"]}]},{"@type":"ImageObject","inLanguage":"es","@id":"https:\/\/agilis-jettenders.com\/es\/dealers#primaryimage","url":"https:\/\/agilis-jettenders.com\/wp-content\/uploads\/2025\/03\/logo_agillis_white_full.png","contentUrl":"https:\/\/agilis-jettenders.com\/wp-content\/uploads\/2025\/03\/logo_agillis_white_full.png"},{"@type":"WebSite","@id":"https:\/\/agilis-jettenders.com\/es\/#website","url":"https:\/\/agilis-jettenders.com\/es\/","name":"Agilis Jet Tenders","description":"Bespoke. Luxury. Jet Tenders.","potentialAction":[{"@type":"SearchAction","target":{"@type":"EntryPoint","urlTemplate":"https:\/\/agilis-jettenders.com\/es\/?s={search_term_string}"},"query-input":{"@type":"PropertyValueSpecification","valueRequired":true,"valueName":"search_term_string"}}],"inLanguage":"es"}]}},"_links":{"self":[{"href":"https:\/\/agilis-jettenders.com\/es\/wp-json\/wp\/v2\/pages\/9831","targetHints":{"allow":["GET"]}}],"collection":[{"href":"https:\/\/agilis-jettenders.com\/es\/wp-json\/wp\/v2\/pages"}],"about":[{"href":"https:\/\/agilis-jettenders.com\/es\/wp-json\/wp\/v2\/types\/page"}],"author":[{"embeddable":true,"href":"https:\/\/agilis-jettenders.com\/es\/wp-json\/wp\/v2\/users\/4"}],"replies":[{"embeddable":true,"href":"https:\/\/agilis-jettenders.com\/es\/wp-json\/wp\/v2\/comments?post=9831"}],"version-history":[{"count":6,"href":"https:\/\/agilis-jettenders.com\/es\/wp-json\/wp\/v2\/pages\/9831\/revisions"}],"predecessor-version":[{"id":10919,"href":"https:\/\/agilis-jettenders.com\/es\/wp-json\/wp\/v2\/pages\/9831\/revisions\/10919"}],"wp:attachment":[{"href":"https:\/\/agilis-jettenders.com\/es\/wp-json\/wp\/v2\/media?parent=9831"}],"curies":[{"name":"wp","href":"https:\/\/api.w.org\/{rel}","templated":true}]}}