{"id":9667,"date":"2025-04-09T07:36:33","date_gmt":"2025-04-09T04:36:33","guid":{"rendered":"https:\/\/agilis-jettenders.com\/?page_id=9667"},"modified":"2025-05-23T04:09:36","modified_gmt":"2025-05-23T01:09:36","slug":"contacts-fr","status":"publish","type":"page","link":"https:\/\/agilis-jettenders.com\/fr\/contacts","title":{"rendered":"Pour nous contacter"},"content":{"rendered":"\t\t<div data-elementor-type=\"wp-page\" data-elementor-id=\"9667\" class=\"elementor elementor-9667\" data-elementor-post-type=\"page\">\n\t\t\t\t<div class=\"elementor-element elementor-element-27518e8e e-con-full e-flex e-con e-child\" data-id=\"27518e8e\" data-element_type=\"container\" data-e-type=\"container\">\n\t\t\t\t<\/div>\n\t\t<div class=\"elementor-element elementor-element-728aa8a8 e-con-full e-flex e-con e-parent\" data-id=\"728aa8a8\" data-element_type=\"container\" data-e-type=\"container\" data-settings=\"{&quot;background_background&quot;:&quot;classic&quot;}\">\n\t\t<div class=\"elementor-element elementor-element-581c9e18 e-con-full e-flex e-con e-child\" data-id=\"581c9e18\" data-element_type=\"container\" data-e-type=\"container\" data-settings=\"{&quot;background_background&quot;:&quot;classic&quot;}\">\n\t\t\t\t<div class=\"elementor-element elementor-element-46fee3ed elementor-widget elementor-widget-heading\" data-id=\"46fee3ed\" data-element_type=\"widget\" data-e-type=\"widget\" data-widget_type=\"heading.default\">\n\t\t\t\t<div class=\"elementor-widget-container\">\n\t\t\t\t\t<h1 class=\"elementor-heading-title elementor-size-default\">Contactez-nous\n<\/h1>\t\t\t\t<\/div>\n\t\t\t\t<\/div>\n\t\t\t\t<div class=\"elementor-element elementor-element-1d327868 elementor-widget elementor-widget-heading\" data-id=\"1d327868\" data-element_type=\"widget\" data-e-type=\"widget\" data-widget_type=\"heading.default\">\n\t\t\t\t<div class=\"elementor-widget-container\">\n\t\t\t\t\t<p class=\"elementor-heading-title elementor-size-default\">Nous serions ravis de vous parler.<br> N\u2019h\u00e9sitez pas \u00e0 nous \u00e9crire via le formulaire.<br> Ou appelez-nous directement au +49 246134033315.<\/p>\t\t\t\t<\/div>\n\t\t\t\t<\/div>\n\t\t\t\t<\/div>\n\t\t<div class=\"elementor-element elementor-element-2f0ff050 e-con-full e-flex e-con e-child\" data-id=\"2f0ff050\" data-element_type=\"container\" data-e-type=\"container\">\n\t\t\t\t<div class=\"elementor-element elementor-element-2b26b4e3 elementor-button-align-stretch elementor-widget elementor-widget-form\" data-id=\"2b26b4e3\" data-element_type=\"widget\" data-e-type=\"widget\" data-settings=\"{&quot;step_next_label&quot;:&quot;Next&quot;,&quot;step_previous_label&quot;:&quot;Previous&quot;,&quot;button_width&quot;:&quot;100&quot;,&quot;step_type&quot;:&quot;number_text&quot;,&quot;step_icon_shape&quot;:&quot;circle&quot;}\" data-widget_type=\"form.default\">\n\t\t\t\t<div class=\"elementor-widget-container\">\n\t\t\t\t\t\t\t<form class=\"elementor-form\" method=\"post\" name=\"New Form\" aria-label=\"New Form\">\n\t\t\t<input type=\"hidden\" name=\"post_id\" value=\"9667\"\/>\n\t\t\t<input type=\"hidden\" name=\"form_id\" value=\"2b26b4e3\"\/>\n\t\t\t<input type=\"hidden\" name=\"referer_title\" value=\"Pour nous contacter - Agilis Jet Tenders\" \/>\n\n\t\t\t\t\t\t\t<input type=\"hidden\" name=\"queried_id\" value=\"9667\"\/>\n\t\t\t\n\t\t\t<div class=\"elementor-form-fields-wrapper elementor-labels-\">\n\t\t\t\t\t\t\t\t<div class=\"elementor-field-type-text elementor-field-group elementor-column elementor-field-group-name elementor-col-100 elementor-field-required\">\n\t\t\t\t\t\t\t\t\t\t\t\t<label for=\"form-field-name\" class=\"elementor-field-label elementor-screen-only\">\n\t\t\t\t\t\t\t\tName\t\t\t\t\t\t\t<\/label>\n\t\t\t\t\t\t\t\t\t\t\t\t\t\t<input size=\"1\" type=\"text\" name=\"form_fields[name]\" id=\"form-field-name\" class=\"elementor-field elementor-size-sm  elementor-field-textual\" placeholder=\"Name\" required=\"required\">\n\t\t\t\t\t\t\t\t\t\t\t<\/div>\n\t\t\t\t\t\t\t\t<div class=\"elementor-field-type-email elementor-field-group elementor-column elementor-field-group-email elementor-col-100 elementor-field-required\">\n\t\t\t\t\t\t\t\t\t\t\t\t<label for=\"form-field-email\" class=\"elementor-field-label elementor-screen-only\">\n\t\t\t\t\t\t\t\tEmail\t\t\t\t\t\t\t<\/label>\n\t\t\t\t\t\t\t\t\t\t\t\t\t\t<input size=\"1\" type=\"email\" name=\"form_fields[email]\" id=\"form-field-email\" class=\"elementor-field elementor-size-sm  elementor-field-textual\" placeholder=\"Email\" required=\"required\">\n\t\t\t\t\t\t\t\t\t\t\t<\/div>\n\t\t\t\t\t\t\t\t<div class=\"elementor-field-type-text elementor-field-group elementor-column elementor-field-group-field_ae3cb8b elementor-col-100 elementor-field-required\">\n\t\t\t\t\t\t\t\t\t\t\t\t<label for=\"form-field-field_ae3cb8b\" class=\"elementor-field-label elementor-screen-only\">\n\t\t\t\t\t\t\t\tPhone\t\t\t\t\t\t\t<\/label>\n\t\t\t\t\t\t\t\t\t\t\t\t\t\t<input size=\"1\" type=\"text\" name=\"form_fields[field_ae3cb8b]\" id=\"form-field-field_ae3cb8b\" class=\"elementor-field elementor-size-sm  elementor-field-textual\" placeholder=\"Phone\" required=\"required\">\n\t\t\t\t\t\t\t\t\t\t\t<\/div>\n\t\t\t\t\t\t\t\t<div class=\"elementor-field-type-textarea elementor-field-group elementor-column elementor-field-group-message elementor-col-100\">\n\t\t\t\t\t\t\t\t\t\t\t\t<label for=\"form-field-message\" class=\"elementor-field-label elementor-screen-only\">\n\t\t\t\t\t\t\t\tMessage\t\t\t\t\t\t\t<\/label>\n\t\t\t\t\t\t<textarea class=\"elementor-field-textual elementor-field  elementor-size-sm\" name=\"form_fields[message]\" id=\"form-field-message\" rows=\"4\" placeholder=\"Message\"><\/textarea>\t\t\t\t<\/div>\n\t\t\t\t\t\t\t\t<div class=\"elementor-field-group elementor-column elementor-field-type-submit elementor-col-100 e-form__buttons\">\n\t\t\t\t\t<button class=\"elementor-button elementor-size-md\" type=\"submit\">\n\t\t\t\t\t\t<span class=\"elementor-button-content-wrapper\">\n\t\t\t\t\t\t\t\t\t\t\t\t\t\t\t\t\t\t\t\t\t\t<span class=\"elementor-button-text\">SEND<\/span>\n\t\t\t\t\t\t\t\t\t\t\t\t\t<\/span>\n\t\t\t\t\t<\/button>\n\t\t\t\t<\/div>\n\t\t\t<\/div>\n\t\t<\/form>\n\t\t\t\t\t\t<\/div>\n\t\t\t\t<\/div>\n\t\t\t\t<\/div>\n\t\t\t\t<\/div>\n\t\t<div class=\"elementor-element elementor-element-447d7c0f e-con-full e-flex e-con e-parent\" data-id=\"447d7c0f\" data-element_type=\"container\" data-e-type=\"container\">\n\t\t\t\t<div class=\"elementor-element elementor-element-5205054e elementor-widget elementor-widget-google_maps\" data-id=\"5205054e\" data-element_type=\"widget\" data-e-type=\"widget\" data-widget_type=\"google_maps.default\">\n\t\t\t\t<div class=\"elementor-widget-container\">\n\t\t\t\t\t\t\t<div class=\"elementor-custom-embed\">\n\t\t\t<iframe loading=\"lazy\"\n\t\t\t\t\tsrc=\"https:\/\/maps.google.com\/maps?q=Lohfeldstr.%202%2052428%20Juelich%20Germany&#038;t=m&#038;z=14&#038;output=embed&#038;iwloc=near\"\n\t\t\t\t\ttitle=\"Lohfeldstr. 2 52428 Juelich Germany\"\n\t\t\t\t\taria-label=\"Lohfeldstr. 2 52428 Juelich Germany\"\n\t\t\t><\/iframe>\n\t\t<\/div>\n\t\t\t\t\t\t<\/div>\n\t\t\t\t<\/div>\n\t\t\t\t<\/div>\n\t\t\t\t<\/div>\n\t\t","protected":false},"excerpt":{"rendered":"<p>Contactez-nous Nous serions ravis de vous parler. N\u2019h\u00e9sitez pas \u00e0 nous \u00e9crire via le formulaire. Ou appelez-nous directement au +49 246134033315.<\/p>\n","protected":false},"author":4,"featured_media":0,"parent":0,"menu_order":0,"comment_status":"closed","ping_status":"closed","template":"","meta":{"_acf_changed":false,"footnotes":""},"class_list":["post-9667","page","type-page","status-publish","hentry"],"acf":{"custom_slug":"contacts"},"yoast_head":"<!-- This site is optimized with the Yoast SEO plugin v26.9 - https:\/\/yoast.com\/product\/yoast-seo-wordpress\/ -->\n<title>Pour nous contacter - Agilis Jet Tenders<\/title>\n<meta name=\"description\" content=\"Pour nous contacter Get common with the best tender boats from Agilis range. Our jet boats models combined advanced technologies and high-level standards of luxury yacht design.\" \/>\n<meta name=\"robots\" content=\"index, follow, max-snippet:-1, max-image-preview:large, max-video-preview:-1\" \/>\n<link rel=\"canonical\" href=\"https:\/\/agilis-jettenders.com\/fr\/contacts\" \/>\n<meta property=\"og:locale\" content=\"fr_FR\" \/>\n<meta property=\"og:type\" content=\"article\" \/>\n<meta property=\"og:title\" content=\"Pour nous contacter - Agilis Jet Tenders\" \/>\n<meta property=\"og:description\" content=\"Pour nous contacter Get common with the best tender boats from Agilis range. Our jet boats models combined advanced technologies and high-level standards of luxury yacht design.\" \/>\n<meta property=\"og:url\" content=\"https:\/\/agilis-jettenders.com\/fr\/contacts\" \/>\n<meta property=\"og:site_name\" content=\"Agilis Jet Tenders\" \/>\n<meta property=\"article:modified_time\" content=\"2025-05-23T01:09:36+00:00\" \/>\n<meta name=\"twitter:card\" content=\"summary_large_image\" \/>\n<meta name=\"twitter:label1\" content=\"Dur\u00e9e de lecture estim\u00e9e\" \/>\n\t<meta name=\"twitter:data1\" content=\"1 minute\" \/>\n<script type=\"application\/ld+json\" class=\"yoast-schema-graph\">{\"@context\":\"https:\/\/schema.org\",\"@graph\":[{\"@type\":\"WebPage\",\"@id\":\"https:\/\/agilis-jettenders.com\/fr\/contacts\",\"url\":\"https:\/\/agilis-jettenders.com\/fr\/contacts\",\"name\":\"Pour nous contacter - Agilis Jet Tenders\",\"isPartOf\":{\"@id\":\"https:\/\/agilis-jettenders.com\/fr\/#website\"},\"datePublished\":\"2025-04-09T04:36:33+00:00\",\"dateModified\":\"2025-05-23T01:09:36+00:00\",\"description\":\"Pour nous contacter Get common with the best tender boats from Agilis range. Our jet boats models combined advanced technologies and high-level standards of luxury yacht design.\",\"inLanguage\":\"fr-FR\",\"potentialAction\":[{\"@type\":\"ReadAction\",\"target\":[\"https:\/\/agilis-jettenders.com\/fr\/contacts\"]}]},{\"@type\":\"WebSite\",\"@id\":\"https:\/\/agilis-jettenders.com\/fr\/#website\",\"url\":\"https:\/\/agilis-jettenders.com\/fr\/\",\"name\":\"Agilis Jet Tenders\",\"description\":\"Bespoke. Luxury. Jet Tenders.\",\"potentialAction\":[{\"@type\":\"SearchAction\",\"target\":{\"@type\":\"EntryPoint\",\"urlTemplate\":\"https:\/\/agilis-jettenders.com\/fr\/?s={search_term_string}\"},\"query-input\":{\"@type\":\"PropertyValueSpecification\",\"valueRequired\":true,\"valueName\":\"search_term_string\"}}],\"inLanguage\":\"fr-FR\"}]}<\/script>\n<!-- \/ Yoast SEO plugin. -->","yoast_head_json":{"title":"Pour nous contacter - Agilis Jet Tenders","description":"Pour nous contacter Get common with the best tender boats from Agilis range. Our jet boats models combined advanced technologies and high-level standards of luxury yacht design.","robots":{"index":"index","follow":"follow","max-snippet":"max-snippet:-1","max-image-preview":"max-image-preview:large","max-video-preview":"max-video-preview:-1"},"canonical":"https:\/\/agilis-jettenders.com\/fr\/contacts","og_locale":"fr_FR","og_type":"article","og_title":"Pour nous contacter - Agilis Jet Tenders","og_description":"Pour nous contacter Get common with the best tender boats from Agilis range. Our jet boats models combined advanced technologies and high-level standards of luxury yacht design.","og_url":"https:\/\/agilis-jettenders.com\/fr\/contacts","og_site_name":"Agilis Jet Tenders","article_modified_time":"2025-05-23T01:09:36+00:00","twitter_card":"summary_large_image","twitter_misc":{"Dur\u00e9e de lecture estim\u00e9e":"1 minute"},"schema":{"@context":"https:\/\/schema.org","@graph":[{"@type":"WebPage","@id":"https:\/\/agilis-jettenders.com\/fr\/contacts","url":"https:\/\/agilis-jettenders.com\/fr\/contacts","name":"Pour nous contacter - Agilis Jet Tenders","isPartOf":{"@id":"https:\/\/agilis-jettenders.com\/fr\/#website"},"datePublished":"2025-04-09T04:36:33+00:00","dateModified":"2025-05-23T01:09:36+00:00","description":"Pour nous contacter Get common with the best tender boats from Agilis range. Our jet boats models combined advanced technologies and high-level standards of luxury yacht design.","inLanguage":"fr-FR","potentialAction":[{"@type":"ReadAction","target":["https:\/\/agilis-jettenders.com\/fr\/contacts"]}]},{"@type":"WebSite","@id":"https:\/\/agilis-jettenders.com\/fr\/#website","url":"https:\/\/agilis-jettenders.com\/fr\/","name":"Agilis Jet Tenders","description":"Bespoke. Luxury. Jet Tenders.","potentialAction":[{"@type":"SearchAction","target":{"@type":"EntryPoint","urlTemplate":"https:\/\/agilis-jettenders.com\/fr\/?s={search_term_string}"},"query-input":{"@type":"PropertyValueSpecification","valueRequired":true,"valueName":"search_term_string"}}],"inLanguage":"fr-FR"}]}},"_links":{"self":[{"href":"https:\/\/agilis-jettenders.com\/fr\/wp-json\/wp\/v2\/pages\/9667","targetHints":{"allow":["GET"]}}],"collection":[{"href":"https:\/\/agilis-jettenders.com\/fr\/wp-json\/wp\/v2\/pages"}],"about":[{"href":"https:\/\/agilis-jettenders.com\/fr\/wp-json\/wp\/v2\/types\/page"}],"author":[{"embeddable":true,"href":"https:\/\/agilis-jettenders.com\/fr\/wp-json\/wp\/v2\/users\/4"}],"replies":[{"embeddable":true,"href":"https:\/\/agilis-jettenders.com\/fr\/wp-json\/wp\/v2\/comments?post=9667"}],"version-history":[{"count":12,"href":"https:\/\/agilis-jettenders.com\/fr\/wp-json\/wp\/v2\/pages\/9667\/revisions"}],"predecessor-version":[{"id":10576,"href":"https:\/\/agilis-jettenders.com\/fr\/wp-json\/wp\/v2\/pages\/9667\/revisions\/10576"}],"wp:attachment":[{"href":"https:\/\/agilis-jettenders.com\/fr\/wp-json\/wp\/v2\/media?parent=9667"}],"curies":[{"name":"wp","href":"https:\/\/api.w.org\/{rel}","templated":true}]}}